{"id":976,"date":"2025-04-02T11:58:40","date_gmt":"2025-04-02T11:58:40","guid":{"rendered":"https:\/\/www2.wibutler.com\/?page_id=976"},"modified":"2026-04-21T07:42:23","modified_gmt":"2026-04-21T07:42:23","slug":"newsletter","status":"publish","type":"page","link":"https:\/\/www2.wibutler.com\/en\/smart-building\/newsletter\/","title":{"rendered":"Smart Building Newsletter (b2B)"},"content":{"rendered":"\n<div class=\"wp-block-group info-hero has-global-padding is-layout-constrained wp-block-group-is-layout-constrained has-background\" style=\"min-height:100vh;padding-top:var(--wp--preset--spacing--60);padding-bottom:var(--wp--preset--spacing--60);background-image:url(&apos;https:\/\/www2.wibutler.com\/wp-content\/uploads\/2025\/03\/stage_-Gap1_negative.png&apos;);background-size:cover;\">\n<div style=\"height:100px\" aria-hidden=\"true\" class=\"wp-block-spacer\"><\/div>\n\n\n\n<div class=\"wp-block-group has-global-padding is-layout-constrained wp-block-group-is-layout-constrained\">\n<div class=\"wp-block-group is-vertical is-layout-flex wp-container-core-group-is-layout-fe9cc265 wp-block-group-is-layout-flex\">\n<p class=\"has-fs-p-small-font-size\" style=\"text-transform:uppercase\">WIBUTLER <strong>PROFESSIONAL SMART Building<\/strong><\/p>\n\n\n\n<h1 class=\"wp-block-heading has-primary-lagoon-color has-text-color has-link-color has-fs-h-1-font-size wp-elements-0adaa9b5a1f196b7a7ec08d271b16447\" style=\"font-style:normal;font-weight:300\"><strong>nEWSLETTER<\/strong><br>F\u00dcR partnerinnen und partner<\/h1>\n\n\n\n<div class=\"wp-block-buttons is-layout-flex wp-block-buttons-is-layout-flex\">\n<div class=\"wp-block-button\"><a class=\"wp-block-button__link wp-element-button\" href=\"#Anmeldung\">Jetzt anmelden<\/a><\/div>\n<\/div>\n<\/div>\n<\/div>\n<\/div>\n\n\n\n<div id=\"Anmeldung\" class=\"wp-block-group has-global-padding is-content-justification-center is-layout-constrained wp-block-group-is-layout-constrained\" style=\"margin-top:var(--wp--preset--spacing--50);margin-bottom:var(--wp--preset--spacing--50);padding-bottom:var(--wp--preset--spacing--40)\">\n<div class=\"wp-block-group has-global-padding is-content-justification-left is-layout-constrained wp-container-core-group-is-layout-f97a4051 wp-block-group-is-layout-constrained\">\n<p class=\"has-fs-p-big-font-size\">Mit unserem Newsletter bleibst du auf dem neuesten Stand, wenn es um die Digitalisierung von kommerziellen Wohn- und Nichtwohngeb\u00e4uden geht. Du erh\u00e4ltst exklusive Einblicke in aktuelle Projekte, erf\u00e4hrst von allen Weiterentwicklungen unserer Professional Smart Building Plattform. Au\u00dferdem bleibst du informiert \u00fcber relevante Veranstaltungen und Branchenevents.<\/p>\n\n\n\n<p class=\"has-fs-p-big-font-size\">Egal ob du Bestand optimieren, Neubauten effizienter planen oder regulatorische Anforderungen im Griff behalten willst \u2013 unser Newsletter liefert dir Impulse, L\u00f6sungen und konkrete Praxisbeispiele.<br>Ideal f\u00fcr Entscheider in der Wohnungswirtschaft, f\u00fcr Verwalter, Planer und alle, die smarte Geb\u00e4ude wirtschaftlich und zukunftssicher umsetzen wollen.<\/p>\n\n\n\n<p class=\"has-fs-p-big-font-size\"><strong>Jetzt anmelden und keinen Fortschritt verpassen.<\/strong><\/p>\n\n\n<div class=\"wpforms-container wpforms-container-full wpforms-block wpforms-block-d7bed37c-fe8a-4fb3-a9b5-d6bc95179745 wpforms-render-modern\" id=\"wpforms-978\"><form id=\"wpforms-form-978\" class=\"wpforms-validate wpforms-form wpforms-ajax-form\" data-formid=\"978\" method=\"post\" enctype=\"multipart\/form-data\" action=\"\/en\/wp-json\/wp\/v2\/pages\/976\" data-token=\"77b00fb66b9787a93c75d8d0563ca21a\" data-token-time=\"1776854411\"><noscript class=\"wpforms-error-noscript\">Please enable JavaScript in your browser to complete this form.<\/noscript><div id=\"wpforms-error-noscript\" style=\"display: none;\">Please enable JavaScript in your browser to complete this form.<\/div><div class=\"wpforms-field-container\"><div id=\"wpforms-978-field_1-container\" class=\"wpforms-field wpforms-field-name\" data-field-id=\"1\"><fieldset><legend class=\"wpforms-field-label\">Name <span class=\"wpforms-required-label\" aria-hidden=\"true\">*<\/span><\/legend><div class=\"wpforms-field-row wpforms-field-large\"><div class=\"wpforms-field-row-block wpforms-first wpforms-one-half\"><input type=\"text\" id=\"wpforms-978-field_1\" class=\"wpforms-field-name-first wpforms-field-required\" name=\"wpforms[fields][1][first]\" placeholder=\"Vorname\" aria-errormessage=\"wpforms-978-field_1-error\" required><label for=\"wpforms-978-field_1\" class=\"wpforms-field-sublabel after wpforms-sublabel-hide\">First<\/label><\/div><div class=\"wpforms-field-row-block wpforms-one-half\"><input type=\"text\" id=\"wpforms-978-field_1-last\" class=\"wpforms-field-name-last wpforms-field-required\" name=\"wpforms[fields][1][last]\" placeholder=\"Nachname\" aria-errormessage=\"wpforms-978-field_1-last-error\" required><label for=\"wpforms-978-field_1-last\" class=\"wpforms-field-sublabel after wpforms-sublabel-hide\">Last<\/label><\/div><\/div><\/fieldset><\/div><div id=\"wpforms-978-field_2-container\" class=\"wpforms-field wpforms-field-email\" data-field-id=\"2\"><label class=\"wpforms-field-label\" for=\"wpforms-978-field_2\">E-Mail-Adresse <span class=\"wpforms-required-label\" aria-hidden=\"true\">*<\/span><\/label><input type=\"email\" id=\"wpforms-978-field_2\" class=\"wpforms-field-large wpforms-field-required\" name=\"wpforms[fields][2]\" spellcheck=\"false\" aria-errormessage=\"wpforms-978-field_2-error\" required><\/div><div id=\"wpforms-978-field_6-container\" class=\"wpforms-field wpforms-field-gdpr-checkbox\" data-field-id=\"6\"><label class=\"wpforms-field-label\">DSGVO-Einverst\u00e4ndnis <span class=\"wpforms-required-label\" aria-hidden=\"true\">*<\/span><\/label><ul id=\"wpforms-978-field_6\" class=\"wpforms-field-required\"><li class=\"choice-1\"><input type=\"checkbox\" id=\"wpforms-978-field_6_1\" name=\"wpforms[fields][6][]\" value=\"Ich m\u00f6chte den wibutler-Newsletter erhalten und stimme der Verarbeitung meiner Daten gem\u00e4\u00df der &lt;a rel=&quot;noopener noreferrer&quot; target=&quot;_blank&quot; href=&quot;https:\/\/www2.wibutler.com\/datenschutz\/&quot;&gt;Datenschutzerkl\u00e4rung&lt;\/a&gt; zu.\" aria-errormessage=\"wpforms-978-field_6_1-error\" required ><label class=\"wpforms-field-label-inline\" for=\"wpforms-978-field_6_1\">Ich m\u00f6chte den wibutler-Newsletter erhalten und stimme der Verarbeitung meiner Daten gem\u00e4\u00df der <a rel=\"noopener noreferrer\" target=\"_blank\" href=\"https:\/\/www2.wibutler.com\/datenschutz\/\">Datenschutzerkl\u00e4rung<\/a> zu.<\/label><\/li><\/ul><\/div><\/div><!-- .wpforms-field-container --><div class=\"wpforms-recaptcha-container wpforms-is-recaptcha wpforms-is-recaptcha-type-invisible\" ><div class=\"g-recaptcha\" data-sitekey=\"6Lcq4hIsAAAAAH7dbIjaKT-BAR0Ch_xYwp153Mrj\" data-size=\"invisible\"><\/div><\/div><div class=\"wpforms-submit-container\" ><input type=\"hidden\" name=\"wpforms[id]\" value=\"978\"><input type=\"hidden\" name=\"page_title\" value=\"\"><input type=\"hidden\" name=\"page_url\" value=\"https:\/\/www2.wibutler.com\/en\/wp-json\/wp\/v2\/pages\/976\"><input type=\"hidden\" name=\"url_referer\" value=\"\"><button type=\"submit\" name=\"wpforms[submit]\" id=\"wpforms-submit-978\" class=\"wpforms-submit\" data-alt-text=\"Wird gesendet\u00a0\u2026\" data-submit-text=\"Anmelden\" aria-live=\"assertive\" value=\"wpforms-submit\">Anmelden<\/button><img loading=\"lazy\" decoding=\"async\" src=\"https:\/\/www2.wibutler.com\/wp-content\/plugins\/wpforms\/assets\/images\/submit-spin.svg\" class=\"wpforms-submit-spinner\" style=\"display: none;\" width=\"26\" height=\"26\" alt=\"Loading\"><\/div><\/form><\/div>  <!-- .wpforms-container --><\/div>\n<\/div>\n<style class=\"advgb-styles-renderer\">\n\t\t\t\t#wpforms-978.wpforms-block-d7bed37c-fe8a-4fb3-a9b5-d6bc95179745 {\n\t\t\t\t--wpforms-field-size-input-height: 43px;\n--wpforms-field-size-input-spacing: 15px;\n--wpforms-field-size-font-size: 16px;\n--wpforms-field-size-line-height: 19px;\n--wpforms-field-size-padding-h: 14px;\n--wpforms-field-size-checkbox-size: 16px;\n--wpforms-field-size-sublabel-spacing: 5px;\n--wpforms-field-size-icon-size: 1;\n--wpforms-label-size-font-size: 16px;\n--wpforms-label-size-line-height: 19px;\n--wpforms-label-size-sublabel-font-size: 14px;\n--wpforms-label-size-sublabel-line-height: 17px;\n--wpforms-button-size-font-size: 17px;\n--wpforms-button-size-height: 41px;\n--wpforms-button-size-padding-h: 15px;\n--wpforms-button-size-margin-top: 10px;\n--wpforms-container-shadow-size-box-shadow: none;\n\t\t\t}\n\t\t\t<\/style>","protected":false},"excerpt":{"rendered":"<p>WIBUTLER PROFESSIONAL SMART Building nEWSLETTERF\u00dcR partnerinnen und partner Mit unserem Newsletter bleibst du auf dem neuesten Stand, wenn es um die Digitalisierung von kommerziellen Wohn- und Nichtwohngeb\u00e4uden geht. Du erh\u00e4ltst exklusive Einblicke in aktuelle Projekte, erf\u00e4hrst von allen Weiterentwicklungen unserer Professional Smart Building Plattform. Au\u00dferdem bleibst du informiert \u00fcber relevante Veranstaltungen und Branchenevents. Egal ob [&hellip;]<\/p>\n","protected":false},"author":2,"featured_media":0,"parent":15,"menu_order":0,"comment_status":"closed","ping_status":"closed","template":"","meta":{"_veranstaltungen_startdatum":"","_veranstaltungen_enddatum":"","_veranstaltungen_ort":"","inline_featured_image":false,"advgb_blocks_editor_width":"","advgb_blocks_columns_visual_guide":"","footnotes":""},"class_list":["post-976","page","type-page","status-publish","hentry"],"yoast_head":"<!-- This site is optimized with the Yoast SEO plugin v27.2 - https:\/\/yoast.com\/product\/yoast-seo-wordpress\/ -->\n<title>Smart Building Newsletter (b2B) - wibutler |\u00a0DEIN ZUHAUSE. IN SMART. GANZ EINFACH.<\/title>\n<meta name=\"robots\" content=\"index, follow, max-snippet:-1, max-image-preview:large, max-video-preview:-1\" \/>\n<link rel=\"canonical\" href=\"https:\/\/www2.wibutler.com\/en\/smart-building\/newsletter\/\" \/>\n<meta property=\"og:locale\" content=\"en_GB\" \/>\n<meta property=\"og:type\" content=\"article\" \/>\n<meta property=\"og:title\" content=\"Smart Building Newsletter (b2B) - wibutler |\u00a0DEIN ZUHAUSE. IN SMART. GANZ EINFACH.\" \/>\n<meta property=\"og:description\" content=\"WIBUTLER PROFESSIONAL SMART Building nEWSLETTERF\u00dcR partnerinnen und partner Mit unserem Newsletter bleibst du auf dem neuesten Stand, wenn es um die Digitalisierung von kommerziellen Wohn- und Nichtwohngeb\u00e4uden geht. Du erh\u00e4ltst exklusive Einblicke in aktuelle Projekte, erf\u00e4hrst von allen Weiterentwicklungen unserer Professional Smart Building Plattform. Au\u00dferdem bleibst du informiert \u00fcber relevante Veranstaltungen und Branchenevents. Egal ob [&hellip;]\" \/>\n<meta property=\"og:url\" content=\"https:\/\/www2.wibutler.com\/en\/smart-building\/newsletter\/\" \/>\n<meta property=\"og:site_name\" content=\"wibutler |\u00a0DEIN ZUHAUSE. IN SMART. GANZ EINFACH.\" \/>\n<meta property=\"article:modified_time\" content=\"2026-04-21T07:42:23+00:00\" \/>\n<meta name=\"twitter:card\" content=\"summary_large_image\" \/>\n<meta name=\"twitter:label1\" content=\"Estimated reading time\" \/>\n\t<meta name=\"twitter:data1\" content=\"1 minute\" \/>\n<script type=\"application\/ld+json\" class=\"yoast-schema-graph\">{\"@context\":\"https:\/\/schema.org\",\"@graph\":[{\"@type\":\"WebPage\",\"@id\":\"https:\/\/www2.wibutler.com\/smart-building\/newsletter\/\",\"url\":\"https:\/\/www2.wibutler.com\/smart-building\/newsletter\/\",\"name\":\"Smart Building Newsletter (b2B) - wibutler |\u00a0DEIN ZUHAUSE. IN SMART. GANZ EINFACH.\",\"isPartOf\":{\"@id\":\"https:\/\/www2.wibutler.com\/#website\"},\"datePublished\":\"2025-04-02T11:58:40+00:00\",\"dateModified\":\"2026-04-21T07:42:23+00:00\",\"breadcrumb\":{\"@id\":\"https:\/\/www2.wibutler.com\/smart-building\/newsletter\/#breadcrumb\"},\"inLanguage\":\"en-GB\",\"potentialAction\":[{\"@type\":\"ReadAction\",\"target\":[\"https:\/\/www2.wibutler.com\/smart-building\/newsletter\/\"]}]},{\"@type\":\"BreadcrumbList\",\"@id\":\"https:\/\/www2.wibutler.com\/smart-building\/newsletter\/#breadcrumb\",\"itemListElement\":[{\"@type\":\"ListItem\",\"position\":1,\"name\":\"Startseite\",\"item\":\"https:\/\/www2.wibutler.com\/\"},{\"@type\":\"ListItem\",\"position\":2,\"name\":\"Smart Building\",\"item\":\"https:\/\/www2.wibutler.com\/smart-building\/\"},{\"@type\":\"ListItem\",\"position\":3,\"name\":\"Smart Building Newsletter (b2B)\"}]},{\"@type\":\"WebSite\",\"@id\":\"https:\/\/www2.wibutler.com\/#website\",\"url\":\"https:\/\/www2.wibutler.com\/\",\"name\":\"wibutler |\u00a0DEIN ZUHAUSE. IN SMART. GANZ EINFACH.\",\"description\":\"\",\"publisher\":{\"@id\":\"https:\/\/www2.wibutler.com\/#organization\"},\"potentialAction\":[{\"@type\":\"SearchAction\",\"target\":{\"@type\":\"EntryPoint\",\"urlTemplate\":\"https:\/\/www2.wibutler.com\/?s={search_term_string}\"},\"query-input\":{\"@type\":\"PropertyValueSpecification\",\"valueRequired\":true,\"valueName\":\"search_term_string\"}}],\"inLanguage\":\"en-GB\"},{\"@type\":\"Organization\",\"@id\":\"https:\/\/www2.wibutler.com\/#organization\",\"name\":\"wibutler |\u00a0DEIN ZUHAUSE. IN SMART. GANZ EINFACH.\",\"url\":\"https:\/\/www2.wibutler.com\/\",\"logo\":{\"@type\":\"ImageObject\",\"inLanguage\":\"en-GB\",\"@id\":\"https:\/\/www2.wibutler.com\/#\/schema\/logo\/image\/\",\"url\":\"https:\/\/www2.wibutler.com\/wp-content\/uploads\/2025\/03\/wibutler_logo_black.svg\",\"contentUrl\":\"https:\/\/www2.wibutler.com\/wp-content\/uploads\/2025\/03\/wibutler_logo_black.svg\",\"width\":247,\"height\":40,\"caption\":\"wibutler |\u00a0DEIN ZUHAUSE. IN SMART. GANZ EINFACH.\"},\"image\":{\"@id\":\"https:\/\/www2.wibutler.com\/#\/schema\/logo\/image\/\"}}]}<\/script>\n<!-- \/ Yoast SEO plugin. -->","yoast_head_json":{"title":"Smart Building Newsletter (b2B) - wibutler | DEIN ZUHAUSE. IN SMART. SIMPLE.","robots":{"index":"index","follow":"follow","max-snippet":"max-snippet:-1","max-image-preview":"max-image-preview:large","max-video-preview":"max-video-preview:-1"},"canonical":"https:\/\/www2.wibutler.com\/en\/smart-building\/newsletter\/","og_locale":"en_GB","og_type":"article","og_title":"Smart Building Newsletter (b2B) - wibutler |\u00a0DEIN ZUHAUSE. IN SMART. GANZ EINFACH.","og_description":"WIBUTLER PROFESSIONAL SMART Building nEWSLETTERF\u00dcR partnerinnen und partner Mit unserem Newsletter bleibst du auf dem neuesten Stand, wenn es um die Digitalisierung von kommerziellen Wohn- und Nichtwohngeb\u00e4uden geht. Du erh\u00e4ltst exklusive Einblicke in aktuelle Projekte, erf\u00e4hrst von allen Weiterentwicklungen unserer Professional Smart Building Plattform. Au\u00dferdem bleibst du informiert \u00fcber relevante Veranstaltungen und Branchenevents. Egal ob [&hellip;]","og_url":"https:\/\/www2.wibutler.com\/en\/smart-building\/newsletter\/","og_site_name":"wibutler |\u00a0DEIN ZUHAUSE. IN SMART. GANZ EINFACH.","article_modified_time":"2026-04-21T07:42:23+00:00","twitter_card":"summary_large_image","twitter_misc":{"Estimated reading time":"1 minute"},"schema":{"@context":"https:\/\/schema.org","@graph":[{"@type":"WebPage","@id":"https:\/\/www2.wibutler.com\/smart-building\/newsletter\/","url":"https:\/\/www2.wibutler.com\/smart-building\/newsletter\/","name":"Smart Building Newsletter (b2B) - wibutler | DEIN ZUHAUSE. IN SMART. SIMPLE.","isPartOf":{"@id":"https:\/\/www2.wibutler.com\/#website"},"datePublished":"2025-04-02T11:58:40+00:00","dateModified":"2026-04-21T07:42:23+00:00","breadcrumb":{"@id":"https:\/\/www2.wibutler.com\/smart-building\/newsletter\/#breadcrumb"},"inLanguage":"en-GB","potentialAction":[{"@type":"ReadAction","target":["https:\/\/www2.wibutler.com\/smart-building\/newsletter\/"]}]},{"@type":"BreadcrumbList","@id":"https:\/\/www2.wibutler.com\/smart-building\/newsletter\/#breadcrumb","itemListElement":[{"@type":"ListItem","position":1,"name":"Startseite","item":"https:\/\/www2.wibutler.com\/"},{"@type":"ListItem","position":2,"name":"Smart Building","item":"https:\/\/www2.wibutler.com\/smart-building\/"},{"@type":"ListItem","position":3,"name":"Smart Building Newsletter (b2B)"}]},{"@type":"WebSite","@id":"https:\/\/www2.wibutler.com\/#website","url":"https:\/\/www2.wibutler.com\/","name":"wibutler | YOUR HOME. IN SMART. SIMPLE.","description":"","publisher":{"@id":"https:\/\/www2.wibutler.com\/#organization"},"potentialAction":[{"@type":"SearchAction","target":{"@type":"EntryPoint","urlTemplate":"https:\/\/www2.wibutler.com\/?s={search_term_string}"},"query-input":{"@type":"PropertyValueSpecification","valueRequired":true,"valueName":"search_term_string"}}],"inLanguage":"en-GB"},{"@type":"Organization","@id":"https:\/\/www2.wibutler.com\/#organization","name":"wibutler | YOUR HOME. IN SMART. SIMPLE.","url":"https:\/\/www2.wibutler.com\/","logo":{"@type":"ImageObject","inLanguage":"en-GB","@id":"https:\/\/www2.wibutler.com\/#\/schema\/logo\/image\/","url":"https:\/\/www2.wibutler.com\/wp-content\/uploads\/2025\/03\/wibutler_logo_black.svg","contentUrl":"https:\/\/www2.wibutler.com\/wp-content\/uploads\/2025\/03\/wibutler_logo_black.svg","width":247,"height":40,"caption":"wibutler |\u00a0DEIN ZUHAUSE. IN SMART. GANZ EINFACH."},"image":{"@id":"https:\/\/www2.wibutler.com\/#\/schema\/logo\/image\/"}}]}},"coauthors":[],"author_meta":{"author_link":"https:\/\/www2.wibutler.com\/en\/author\/fredepenning\/","display_name":"wibutler"},"relative_dates":{"created":"Posted 1 year ago","modified":"Updated 1 day ago"},"absolute_dates":{"created":"Posted on April 2, 2025","modified":"Updated on April 21, 2026"},"absolute_dates_time":{"created":"Posted on April 2, 2025 11:58 am","modified":"Updated on April 21, 2026 7:42 am"},"featured_img_caption":"","featured_img":false,"series_order":"","_links":{"self":[{"href":"https:\/\/www2.wibutler.com\/en\/wp-json\/wp\/v2\/pages\/976","targetHints":{"allow":["GET"]}}],"collection":[{"href":"https:\/\/www2.wibutler.com\/en\/wp-json\/wp\/v2\/pages"}],"about":[{"href":"https:\/\/www2.wibutler.com\/en\/wp-json\/wp\/v2\/types\/page"}],"author":[{"embeddable":true,"href":"https:\/\/www2.wibutler.com\/en\/wp-json\/wp\/v2\/users\/2"}],"replies":[{"embeddable":true,"href":"https:\/\/www2.wibutler.com\/en\/wp-json\/wp\/v2\/comments?post=976"}],"version-history":[{"count":6,"href":"https:\/\/www2.wibutler.com\/en\/wp-json\/wp\/v2\/pages\/976\/revisions"}],"predecessor-version":[{"id":3414,"href":"https:\/\/www2.wibutler.com\/en\/wp-json\/wp\/v2\/pages\/976\/revisions\/3414"}],"up":[{"embeddable":true,"href":"https:\/\/www2.wibutler.com\/en\/wp-json\/wp\/v2\/pages\/15"}],"wp:attachment":[{"href":"https:\/\/www2.wibutler.com\/en\/wp-json\/wp\/v2\/media?parent=976"}],"curies":[{"name":"wp","href":"https:\/\/api.w.org\/{rel}","templated":true}]}}