{"id":2367,"date":"2025-06-26T09:51:06","date_gmt":"2025-06-26T09:51:06","guid":{"rendered":"https:\/\/www2.wibutler.com\/?page_id=2367"},"modified":"2025-07-09T10:48:18","modified_gmt":"2025-07-09T10:48:18","slug":"danke-musterangebot","status":"publish","type":"page","link":"https:\/\/www2.wibutler.com\/en\/smart-home\/wibutler-fuer-bautraeger\/danke-musterangebot\/","title":{"rendered":"Danke Musterangebot"},"content":{"rendered":"<div class=\"wp-block-group info-hero has-global-padding is-layout-constrained wp-block-group-is-layout-constrained has-background\" style=\"min-height:100vh;padding-top:var(--wp--preset--spacing--60);padding-bottom:var(--wp--preset--spacing--60);background-image:url(&apos;https:\/\/www2.wibutler.com\/wp-content\/uploads\/2025\/03\/stage_-Gap1_negative.png&apos;);background-size:cover;\">\n<div style=\"height:100px\" aria-hidden=\"true\" class=\"wp-block-spacer\"><\/div>\n\n\n\n<div class=\"wp-block-group has-global-padding is-layout-constrained wp-block-group-is-layout-constrained\">\n<div class=\"wp-block-group is-vertical is-layout-flex wp-container-core-group-is-layout-fe9cc265 wp-block-group-is-layout-flex\">\n<p class=\"has-fs-p-small-font-size\" style=\"text-transform:uppercase\">wibutler <strong>for house manufacturers<\/strong><\/p>\n\n\n\n<h1 class=\"wp-block-heading has-primary-lagoon-color has-text-color has-link-color has-fs-h-1-font-size wp-elements-265a9fb543a36d3db77049ce921c6b52\" style=\"font-style:normal;font-weight:300\">Sample offer <br><strong>Successfully dispatched.<\/strong><\/h1>\n<\/div>\n<\/div>\n<\/div>\n\n\n\n<div class=\"wp-block-group has-global-padding is-content-justification-center is-layout-constrained wp-block-group-is-layout-constrained\" style=\"margin-top:var(--wp--preset--spacing--50);margin-bottom:var(--wp--preset--spacing--50);padding-bottom:var(--wp--preset--spacing--40)\">\n<div class=\"wp-block-group has-global-padding is-content-justification-left is-layout-constrained wp-container-core-group-is-layout-f97a4051 wp-block-group-is-layout-constrained\">\n<p class=\"has-fs-p-big-font-size\">Thank you for your interest in our offer for house manufacturers. We have just sent you an e-mail to the address provided. In the attachment you will find the requested sample offer in PDF format. Please check your spam folder if necessary.<\/p>\n\n\n\n<p>The sample offer was created on the basis of a real property. It relates to a 3-room bungalow and includes the automation of lighting and shading as well as the wibutler individual room control. According to the offer, all devices <a href=\"https:\/\/www2.wibutler.com\/en\/smart-home\/vorkonfigurations-service\/\">preconfigured<\/a>, This means lower costs for the electrical installation. The wibutler pro also comes with a 5-year extended warranty (premium warranty). <\/p>\n\n\n\n<p>If you have any questions about the sample offer, please feel free to contact us. Otherwise, click on the button below to return to the page.<\/p>\n\n\n\n<div class=\"wp-block-buttons is-layout-flex wp-block-buttons-is-layout-flex\" style=\"margin-top:var(--wp--preset--spacing--40)\">\n<div class=\"wp-block-button is-style-fill\"><a class=\"wp-block-button__link wp-element-button\" href=\"https:\/\/www2.wibutler.com\/en\/smart-home\/wibutler-fuer-bautraeger\/\">Back to the page<\/a><\/div>\n<\/div>\n<\/div>\n<\/div>","protected":false},"excerpt":{"rendered":"<p>wibutler f\u00fcr Haushersteller Musterangebot Erfolgreich verschickt. Vielen Dank f\u00fcr dein Interesse an unserem Angebot f\u00fcr Haushersteller. Wir haben dir soeben eine Mail an die angegebene Adresse geschickt. Im Anhang findest du das gew\u00fcnschte Musterangebot im PDF-Format. Schau ggf. deinem Spam-Ordner nach. Das Musterangebot wurde anhand eines realen Objektes erstellt. Es bezieht sich auf einen 3-Zimmer-Bungalow [&hellip;]<\/p>\n","protected":false},"author":2,"featured_media":0,"parent":1173,"menu_order":0,"comment_status":"closed","ping_status":"closed","template":"","meta":{"_veranstaltungen_startdatum":"","_veranstaltungen_enddatum":"","_veranstaltungen_ort":"","inline_featured_image":false,"advgb_blocks_editor_width":"","advgb_blocks_columns_visual_guide":"","footnotes":""},"class_list":["post-2367","page","type-page","status-publish","hentry"],"yoast_head":"<!-- This site is optimized with the Yoast SEO plugin v27.2 - https:\/\/yoast.com\/product\/yoast-seo-wordpress\/ -->\n<title>Vorkonfigurations-Service f\u00fcr Handwerker | Formular f\u00fcr Projekte<\/title>\n<meta name=\"description\" content=\"Nutze den wibutler Vorkonfigurations-Service f\u00fcr deine Smart Home Projekte, um Zeit auf der Baustelle zu sparen. Vom Experten f\u00fcr den Profi.\" \/>\n<meta name=\"robots\" content=\"index, follow, max-snippet:-1, max-image-preview:large, max-video-preview:-1\" \/>\n<link rel=\"canonical\" href=\"https:\/\/www2.wibutler.com\/en\/smart-home\/wibutler-fuer-bautraeger\/danke-musterangebot\/\" \/>\n<meta property=\"og:locale\" content=\"en_GB\" \/>\n<meta property=\"og:type\" content=\"article\" \/>\n<meta property=\"og:title\" content=\"Vorkonfigurations-Service f\u00fcr Handwerker | Formular f\u00fcr Projekte\" \/>\n<meta property=\"og:description\" content=\"Nutze den wibutler Vorkonfigurations-Service f\u00fcr deine Smart Home Projekte, um Zeit auf der Baustelle zu sparen. Vom Experten f\u00fcr den Profi.\" \/>\n<meta property=\"og:url\" content=\"https:\/\/www2.wibutler.com\/en\/smart-home\/wibutler-fuer-bautraeger\/danke-musterangebot\/\" \/>\n<meta property=\"og:site_name\" content=\"wibutler |\u00a0DEIN ZUHAUSE. IN SMART. GANZ EINFACH.\" \/>\n<meta property=\"article:modified_time\" content=\"2025-07-09T10:48:18+00:00\" \/>\n<meta name=\"twitter:card\" content=\"summary_large_image\" \/>\n<meta name=\"twitter:label1\" content=\"Estimated reading time\" \/>\n\t<meta name=\"twitter:data1\" content=\"1 minute\" \/>\n<script type=\"application\/ld+json\" class=\"yoast-schema-graph\">{\"@context\":\"https:\/\/schema.org\",\"@graph\":[{\"@type\":\"WebPage\",\"@id\":\"https:\/\/www2.wibutler.com\/smart-home\/wibutler-fuer-bautraeger\/danke-musterangebot\/\",\"url\":\"https:\/\/www2.wibutler.com\/smart-home\/wibutler-fuer-bautraeger\/danke-musterangebot\/\",\"name\":\"Vorkonfigurations-Service f\u00fcr Handwerker | Formular f\u00fcr Projekte\",\"isPartOf\":{\"@id\":\"https:\/\/www2.wibutler.com\/#website\"},\"datePublished\":\"2025-06-26T09:51:06+00:00\",\"dateModified\":\"2025-07-09T10:48:18+00:00\",\"description\":\"Nutze den wibutler Vorkonfigurations-Service f\u00fcr deine Smart Home Projekte, um Zeit auf der Baustelle zu sparen. Vom Experten f\u00fcr den Profi.\",\"breadcrumb\":{\"@id\":\"https:\/\/www2.wibutler.com\/smart-home\/wibutler-fuer-bautraeger\/danke-musterangebot\/#breadcrumb\"},\"inLanguage\":\"en-GB\",\"potentialAction\":[{\"@type\":\"ReadAction\",\"target\":[\"https:\/\/www2.wibutler.com\/smart-home\/wibutler-fuer-bautraeger\/danke-musterangebot\/\"]}]},{\"@type\":\"BreadcrumbList\",\"@id\":\"https:\/\/www2.wibutler.com\/smart-home\/wibutler-fuer-bautraeger\/danke-musterangebot\/#breadcrumb\",\"itemListElement\":[{\"@type\":\"ListItem\",\"position\":1,\"name\":\"Startseite\",\"item\":\"https:\/\/www2.wibutler.com\/\"},{\"@type\":\"ListItem\",\"position\":2,\"name\":\"Smart Home\",\"item\":\"https:\/\/www2.wibutler.com\/smart-home\/\"},{\"@type\":\"ListItem\",\"position\":3,\"name\":\"wibutler f\u00fcr Haushersteller\",\"item\":\"https:\/\/www2.wibutler.com\/smart-home\/wibutler-fuer-bautraeger\/\"},{\"@type\":\"ListItem\",\"position\":4,\"name\":\"Danke Musterangebot\"}]},{\"@type\":\"WebSite\",\"@id\":\"https:\/\/www2.wibutler.com\/#website\",\"url\":\"https:\/\/www2.wibutler.com\/\",\"name\":\"wibutler |\u00a0DEIN ZUHAUSE. IN SMART. GANZ EINFACH.\",\"description\":\"\",\"publisher\":{\"@id\":\"https:\/\/www2.wibutler.com\/#organization\"},\"potentialAction\":[{\"@type\":\"SearchAction\",\"target\":{\"@type\":\"EntryPoint\",\"urlTemplate\":\"https:\/\/www2.wibutler.com\/?s={search_term_string}\"},\"query-input\":{\"@type\":\"PropertyValueSpecification\",\"valueRequired\":true,\"valueName\":\"search_term_string\"}}],\"inLanguage\":\"en-GB\"},{\"@type\":\"Organization\",\"@id\":\"https:\/\/www2.wibutler.com\/#organization\",\"name\":\"wibutler |\u00a0DEIN ZUHAUSE. IN SMART. GANZ EINFACH.\",\"url\":\"https:\/\/www2.wibutler.com\/\",\"logo\":{\"@type\":\"ImageObject\",\"inLanguage\":\"en-GB\",\"@id\":\"https:\/\/www2.wibutler.com\/#\/schema\/logo\/image\/\",\"url\":\"https:\/\/www2.wibutler.com\/wp-content\/uploads\/2025\/03\/wibutler_logo_black.svg\",\"contentUrl\":\"https:\/\/www2.wibutler.com\/wp-content\/uploads\/2025\/03\/wibutler_logo_black.svg\",\"width\":247,\"height\":40,\"caption\":\"wibutler |\u00a0DEIN ZUHAUSE. IN SMART. GANZ EINFACH.\"},\"image\":{\"@id\":\"https:\/\/www2.wibutler.com\/#\/schema\/logo\/image\/\"}}]}<\/script>\n<!-- \/ Yoast SEO plugin. -->","yoast_head_json":{"title":"Vorkonfigurations-Service f\u00fcr Handwerker | Formular f\u00fcr Projekte","description":"Nutze den wibutler Vorkonfigurations-Service f\u00fcr deine Smart Home Projekte, um Zeit auf der Baustelle zu sparen. Vom Experten f\u00fcr den Profi.","robots":{"index":"index","follow":"follow","max-snippet":"max-snippet:-1","max-image-preview":"max-image-preview:large","max-video-preview":"max-video-preview:-1"},"canonical":"https:\/\/www2.wibutler.com\/en\/smart-home\/wibutler-fuer-bautraeger\/danke-musterangebot\/","og_locale":"en_GB","og_type":"article","og_title":"Vorkonfigurations-Service f\u00fcr Handwerker | Formular f\u00fcr Projekte","og_description":"Nutze den wibutler Vorkonfigurations-Service f\u00fcr deine Smart Home Projekte, um Zeit auf der Baustelle zu sparen. Vom Experten f\u00fcr den Profi.","og_url":"https:\/\/www2.wibutler.com\/en\/smart-home\/wibutler-fuer-bautraeger\/danke-musterangebot\/","og_site_name":"wibutler |\u00a0DEIN ZUHAUSE. IN SMART. GANZ EINFACH.","article_modified_time":"2025-07-09T10:48:18+00:00","twitter_card":"summary_large_image","twitter_misc":{"Estimated reading time":"1 minute"},"schema":{"@context":"https:\/\/schema.org","@graph":[{"@type":"WebPage","@id":"https:\/\/www2.wibutler.com\/smart-home\/wibutler-fuer-bautraeger\/danke-musterangebot\/","url":"https:\/\/www2.wibutler.com\/smart-home\/wibutler-fuer-bautraeger\/danke-musterangebot\/","name":"Vorkonfigurations-Service f\u00fcr Handwerker | Formular f\u00fcr Projekte","isPartOf":{"@id":"https:\/\/www2.wibutler.com\/#website"},"datePublished":"2025-06-26T09:51:06+00:00","dateModified":"2025-07-09T10:48:18+00:00","description":"Nutze den wibutler Vorkonfigurations-Service f\u00fcr deine Smart Home Projekte, um Zeit auf der Baustelle zu sparen. Vom Experten f\u00fcr den Profi.","breadcrumb":{"@id":"https:\/\/www2.wibutler.com\/smart-home\/wibutler-fuer-bautraeger\/danke-musterangebot\/#breadcrumb"},"inLanguage":"en-GB","potentialAction":[{"@type":"ReadAction","target":["https:\/\/www2.wibutler.com\/smart-home\/wibutler-fuer-bautraeger\/danke-musterangebot\/"]}]},{"@type":"BreadcrumbList","@id":"https:\/\/www2.wibutler.com\/smart-home\/wibutler-fuer-bautraeger\/danke-musterangebot\/#breadcrumb","itemListElement":[{"@type":"ListItem","position":1,"name":"Startseite","item":"https:\/\/www2.wibutler.com\/"},{"@type":"ListItem","position":2,"name":"Smart Home","item":"https:\/\/www2.wibutler.com\/smart-home\/"},{"@type":"ListItem","position":3,"name":"wibutler f\u00fcr Haushersteller","item":"https:\/\/www2.wibutler.com\/smart-home\/wibutler-fuer-bautraeger\/"},{"@type":"ListItem","position":4,"name":"Danke Musterangebot"}]},{"@type":"WebSite","@id":"https:\/\/www2.wibutler.com\/#website","url":"https:\/\/www2.wibutler.com\/","name":"wibutler | YOUR HOME. IN SMART. SIMPLE.","description":"","publisher":{"@id":"https:\/\/www2.wibutler.com\/#organization"},"potentialAction":[{"@type":"SearchAction","target":{"@type":"EntryPoint","urlTemplate":"https:\/\/www2.wibutler.com\/?s={search_term_string}"},"query-input":{"@type":"PropertyValueSpecification","valueRequired":true,"valueName":"search_term_string"}}],"inLanguage":"en-GB"},{"@type":"Organization","@id":"https:\/\/www2.wibutler.com\/#organization","name":"wibutler | YOUR HOME. IN SMART. SIMPLE.","url":"https:\/\/www2.wibutler.com\/","logo":{"@type":"ImageObject","inLanguage":"en-GB","@id":"https:\/\/www2.wibutler.com\/#\/schema\/logo\/image\/","url":"https:\/\/www2.wibutler.com\/wp-content\/uploads\/2025\/03\/wibutler_logo_black.svg","contentUrl":"https:\/\/www2.wibutler.com\/wp-content\/uploads\/2025\/03\/wibutler_logo_black.svg","width":247,"height":40,"caption":"wibutler |\u00a0DEIN ZUHAUSE. IN SMART. GANZ EINFACH."},"image":{"@id":"https:\/\/www2.wibutler.com\/#\/schema\/logo\/image\/"}}]}},"coauthors":[],"author_meta":{"author_link":"https:\/\/www2.wibutler.com\/en\/author\/fredepenning\/","display_name":"wibutler"},"relative_dates":{"created":"Posted 10 months ago","modified":"Updated 10 months ago"},"absolute_dates":{"created":"Posted on June 26, 2025","modified":"Updated on July 9, 2025"},"absolute_dates_time":{"created":"Posted on June 26, 2025 9:51 am","modified":"Updated on July 9, 2025 10:48 am"},"featured_img_caption":"","featured_img":false,"series_order":"","_links":{"self":[{"href":"https:\/\/www2.wibutler.com\/en\/wp-json\/wp\/v2\/pages\/2367","targetHints":{"allow":["GET"]}}],"collection":[{"href":"https:\/\/www2.wibutler.com\/en\/wp-json\/wp\/v2\/pages"}],"about":[{"href":"https:\/\/www2.wibutler.com\/en\/wp-json\/wp\/v2\/types\/page"}],"author":[{"embeddable":true,"href":"https:\/\/www2.wibutler.com\/en\/wp-json\/wp\/v2\/users\/2"}],"replies":[{"embeddable":true,"href":"https:\/\/www2.wibutler.com\/en\/wp-json\/wp\/v2\/comments?post=2367"}],"version-history":[{"count":2,"href":"https:\/\/www2.wibutler.com\/en\/wp-json\/wp\/v2\/pages\/2367\/revisions"}],"predecessor-version":[{"id":2398,"href":"https:\/\/www2.wibutler.com\/en\/wp-json\/wp\/v2\/pages\/2367\/revisions\/2398"}],"up":[{"embeddable":true,"href":"https:\/\/www2.wibutler.com\/en\/wp-json\/wp\/v2\/pages\/1173"}],"wp:attachment":[{"href":"https:\/\/www2.wibutler.com\/en\/wp-json\/wp\/v2\/media?parent=2367"}],"curies":[{"name":"wp","href":"https:\/\/api.w.org\/{rel}","templated":true}]}}