{"id":2125,"date":"2025-05-08T12:05:32","date_gmt":"2025-05-08T12:05:32","guid":{"rendered":"https:\/\/www2.wibutler.com\/?page_id=2125"},"modified":"2025-09-11T11:30:32","modified_gmt":"2025-09-11T11:30:32","slug":"wibutler-veranstaltungen","status":"publish","type":"page","link":"https:\/\/www2.wibutler.com\/en\/smarte-partner\/wibutler-veranstaltungen\/","title":{"rendered":"wibutler events"},"content":{"rendered":"<div class=\"wp-block-cover hero-cover align-bottom parallax-layer parallax-blur has-base-color has-text-color has-link-color wp-elements-52ec5e0c467563bba3acf61886a7896a\" style=\"margin-top:0;margin-bottom:0;padding-bottom:var(--wp--preset--spacing--30);min-height:100vh;aspect-ratio:unset;\"><span aria-hidden=\"true\" class=\"wp-block-cover__background has-background-dim-100 has-background-dim\"><\/span><img loading=\"lazy\" decoding=\"async\" width=\"1536\" height=\"1024\" class=\"wp-block-cover__image-background wp-image-2126\" alt=\"Junge Frau Mitte 30 in professioneller, moderner Kleidung (Charcoal) l\u00e4uft durch ein modernes Wohn- und Gesch\u00e4ftsquartier mit breiten Stra\u00dfen, modernen Glasgeb\u00e4uden und zahlreichen B\u00e4umen in Lagoon-Farbton. Sie h\u00e4lt ein Smartphone locker in der Hand und blickt entspannt an der Kamera vorbei, w\u00e4hrend die Abendsonne lange Schatten wirft.\" src=\"https:\/\/www2.wibutler.com\/wp-content\/uploads\/2025\/05\/Hero_wibutler-Veranstaltungen.png\" data-object-fit=\"cover\" srcset=\"https:\/\/www2.wibutler.com\/wp-content\/uploads\/2025\/05\/Hero_wibutler-Veranstaltungen.png 1536w, https:\/\/www2.wibutler.com\/wp-content\/uploads\/2025\/05\/Hero_wibutler-Veranstaltungen-300x200.png 300w, https:\/\/www2.wibutler.com\/wp-content\/uploads\/2025\/05\/Hero_wibutler-Veranstaltungen-1024x683.png 1024w, https:\/\/www2.wibutler.com\/wp-content\/uploads\/2025\/05\/Hero_wibutler-Veranstaltungen-768x512.png 768w\" sizes=\"auto, (max-width: 1536px) 100vw, 1536px\" \/><div class=\"wp-block-cover__inner-container has-global-padding is-layout-constrained wp-block-cover-is-layout-constrained\">\n<div class=\"wp-block-group has-global-padding is-layout-constrained wp-container-core-group-is-layout-59c6df37 wp-block-group-is-layout-constrained\" style=\"padding-top:var(--wp--preset--spacing--50);padding-bottom:var(--wp--preset--spacing--50)\">\n<div class=\"wp-block-group is-vertical is-layout-flex wp-container-core-group-is-layout-fe9cc265 wp-block-group-is-layout-flex\">\n<p class=\"has-base-color has-text-color has-link-color has-fs-p-small-font-size wp-elements-60bbf52e74506ed3074dfc1bb42ba7a0\" style=\"text-transform:uppercase\">Smart Partners |<strong> wibutler events<\/strong><\/p>\n\n\n\n<h1 class=\"wp-block-heading has-primary-lagoon-color has-text-color has-link-color has-fs-hero-font-size wp-elements-05d2c107831df35812f8712ab5438d57\" style=\"font-style:normal;font-weight:300\"><strong>Shaping the future together.<br><\/strong>All dates at a glance.<\/h1>\n<\/div>\n<\/div>\n\n\n\n<div class=\"wp-block-group is-content-justification-center is-nowrap is-layout-flex wp-container-core-group-is-layout-23441af8 wp-block-group-is-layout-flex\">\n<figure class=\"wp-block-image size-large is-resized scroll-down-icon\"><a href=\"#wibutler-Alliance\"><img loading=\"lazy\" decoding=\"async\" width=\"56\" height=\"56\" src=\"https:\/\/www2.wibutler.com\/wp-content\/uploads\/2025\/03\/button_primary.svg\" alt=\"\" class=\"wp-image-31\" style=\"width:50px\"\/><\/a><\/figure>\n<\/div>\n<\/div><\/div>\n\n\n\n<div class=\"wp-block-group has-global-padding is-layout-constrained wp-block-group-is-layout-constrained\" style=\"margin-top:var(--wp--preset--spacing--50);margin-bottom:var(--wp--preset--spacing--50);padding-bottom:var(--wp--preset--spacing--20)\">\n<div class=\"wp-block-columns flex-reverse is-layout-flex wp-container-core-columns-is-layout-08c01c1c wp-block-columns-is-layout-flex\">\n<div class=\"wp-block-column is-layout-flow wp-block-column-is-layout-flow\" style=\"flex-basis:67%\">\n<p>The wibutler alliance connects <strong>Leading manufacturers of technical building equipment<\/strong> and promotes knowledge exchange and innovation.\nOn this page, you\u2019ll find all key dates: from general meetings and hands-on training sessions to exciting events and online formats.<\/p>\n\n\n\n<div class=\"wp-block-group is-vertical is-layout-flex wp-container-core-group-is-layout-3210c5b8 wp-block-group-is-layout-flex\" style=\"margin-top:var(--wp--preset--spacing--40)\">\n<h3 class=\"wp-block-heading has-fs-h-2-font-size\"><strong>Strong partnerships. Shared success.<\/strong><\/h3>\n\n\n\n<p>Whether on-site or online \u2013 wibutler alliance events offer you the opportunity to connect with other manufacturers and building technology experts while benefiting from practical training.<br>The calendar shows all upcoming dates \u2013 including general meetings, training sessions, trade fair appearances and special highlight events.\nYou can register directly by clicking on the respective event.<br>If you need more details or have specific questions, feel free to contact us at any time.<\/p>\n\n\n\n<p><strong>If you require further details about the events or have any specific questions, please do not hesitate to contact us.<\/strong><\/p>\n<\/div>\n<\/div>\n\n\n\n<div class=\"wp-block-column is-layout-flow wp-block-column-is-layout-flow\" style=\"flex-basis:33%\">\n<figure class=\"wp-block-image size-large\"><img loading=\"lazy\" decoding=\"async\" width=\"683\" height=\"1024\" src=\"https:\/\/www2.wibutler.com\/wp-content\/uploads\/2025\/03\/190912_Maschinenraum-111-1-1-683x1024.jpg\" alt=\"Very Disruptive Solutions zur Vernetzung digitaler Geb\u00e4udetechnik. Workshops z\u00e4hlen zu den wibutler Veranstaltungen, die regelm\u00e4\u00dfig durchgef\u00fchrt werden.\" class=\"wp-image-500\" style=\"aspect-ratio:3\/4;object-fit:cover\" srcset=\"https:\/\/www2.wibutler.com\/wp-content\/uploads\/2025\/03\/190912_Maschinenraum-111-1-1-683x1024.jpg 683w, https:\/\/www2.wibutler.com\/wp-content\/uploads\/2025\/03\/190912_Maschinenraum-111-1-1-200x300.jpg 200w, https:\/\/www2.wibutler.com\/wp-content\/uploads\/2025\/03\/190912_Maschinenraum-111-1-1-768x1152.jpg 768w, https:\/\/www2.wibutler.com\/wp-content\/uploads\/2025\/03\/190912_Maschinenraum-111-1-1-1024x1536.jpg 1024w, https:\/\/www2.wibutler.com\/wp-content\/uploads\/2025\/03\/190912_Maschinenraum-111-1-1-1365x2048.jpg 1365w, https:\/\/www2.wibutler.com\/wp-content\/uploads\/2025\/03\/190912_Maschinenraum-111-1-1-scaled.jpg 1706w\" sizes=\"auto, (max-width: 683px) 100vw, 683px\" \/><\/figure>\n<\/div>\n<\/div>\n<\/div>\n\n\n\n<div class=\"wp-block-group has-global-padding is-layout-constrained wp-block-group-is-layout-constrained\" style=\"padding-top:var(--wp--preset--spacing--40);padding-bottom:var(--wp--preset--spacing--40)\">\n<div class=\"wp-block-group has-global-padding is-layout-constrained wp-container-core-group-is-layout-92b9201d wp-block-group-is-layout-constrained\">\n<h2 class=\"wp-block-heading\">Events<\/h2>\n\n\n\n<div class=\"events-container\"><div id=\"events-list\"><\/div><button id=\"load-more-events\">Load more<\/button><\/div>\n\n\n\n<div class=\"wp-block-buttons is-layout-flex wp-block-buttons-is-layout-flex\">\n<div class=\"wp-block-button\"><a class=\"wp-block-button__link wp-element-button\" href=\"https:\/\/www2.wibutler.com\/en\/event\/\">All events<\/a><\/div>\n<\/div>\n<\/div>\n<\/div>","protected":false},"excerpt":{"rendered":"<p>Die wibutler alliance vernetzt f\u00fchrende Hersteller technischer Geb\u00e4udeausr\u00fcstung \u2013 und f\u00f6rdert den Austausch von Wissen und Innovationen. Auf dieser Seite findest du alle wichtigen Termine: von Mitgliederversammlungen \u00fcber praxisnahe Schulungen bis hin zu spannenden Events und Online-Sitzungen. Starke partnerschaften. Gemeinsame ERfolge. Ob vor Ort oder digital \u2013 die Veranstaltungen der wibutler alliance bieten dir die [&hellip;]<\/p>\n","protected":false},"author":2,"featured_media":0,"parent":17,"menu_order":0,"comment_status":"closed","ping_status":"closed","template":"","meta":{"_veranstaltungen_startdatum":"","_veranstaltungen_enddatum":"","_veranstaltungen_ort":"","inline_featured_image":false,"advgb_blocks_editor_width":"","advgb_blocks_columns_visual_guide":"","footnotes":""},"class_list":["post-2125","page","type-page","status-publish","hentry"],"yoast_head":"<!-- This site is optimized with the Yoast SEO plugin v27.2 - https:\/\/yoast.com\/product\/yoast-seo-wordpress\/ -->\n<title>wibutler Veranstaltungen \u2013 Schulungen &amp; Events f\u00fcr Profis<\/title>\n<meta name=\"description\" content=\"Entdecke wibutler Veranstaltungen: Schulungen, Messen &amp; Events f\u00fcr Hersteller &amp; Handwerker \u2013 Vernetzung &amp; Weiterbildung inklusive.\" \/>\n<meta name=\"robots\" content=\"index, follow, max-snippet:-1, max-image-preview:large, max-video-preview:-1\" \/>\n<link rel=\"canonical\" href=\"https:\/\/www2.wibutler.com\/en\/smarte-partner\/wibutler-veranstaltungen\/\" \/>\n<meta property=\"og:locale\" content=\"en_GB\" \/>\n<meta property=\"og:type\" content=\"article\" \/>\n<meta property=\"og:title\" content=\"wibutler Veranstaltungen \u2013 Schulungen &amp; Events f\u00fcr Profis\" \/>\n<meta property=\"og:description\" content=\"Entdecke wibutler Veranstaltungen: Schulungen, Messen &amp; Events f\u00fcr Hersteller &amp; Handwerker \u2013 Vernetzung &amp; Weiterbildung inklusive.\" \/>\n<meta property=\"og:url\" content=\"https:\/\/www2.wibutler.com\/en\/smarte-partner\/wibutler-veranstaltungen\/\" \/>\n<meta property=\"og:site_name\" content=\"wibutler |\u00a0DEIN ZUHAUSE. IN SMART. GANZ EINFACH.\" \/>\n<meta property=\"article:modified_time\" content=\"2025-09-11T11:30:32+00:00\" \/>\n<meta property=\"og:image\" content=\"https:\/\/www2.wibutler.com\/wp-content\/uploads\/2025\/05\/Hero_wibutler-Veranstaltungen.png\" \/>\n\t<meta property=\"og:image:width\" content=\"1536\" \/>\n\t<meta property=\"og:image:height\" content=\"1024\" \/>\n\t<meta property=\"og:image:type\" content=\"image\/png\" \/>\n<meta name=\"twitter:card\" content=\"summary_large_image\" \/>\n<meta name=\"twitter:label1\" content=\"Estimated reading time\" \/>\n\t<meta name=\"twitter:data1\" content=\"2 minutes\" \/>\n<script type=\"application\/ld+json\" class=\"yoast-schema-graph\">{\"@context\":\"https:\/\/schema.org\",\"@graph\":[{\"@type\":\"WebPage\",\"@id\":\"https:\/\/www2.wibutler.com\/smarte-partner\/wibutler-veranstaltungen\/\",\"url\":\"https:\/\/www2.wibutler.com\/smarte-partner\/wibutler-veranstaltungen\/\",\"name\":\"wibutler Veranstaltungen \u2013 Schulungen & Events f\u00fcr Profis\",\"isPartOf\":{\"@id\":\"https:\/\/www2.wibutler.com\/#website\"},\"primaryImageOfPage\":{\"@id\":\"https:\/\/www2.wibutler.com\/smarte-partner\/wibutler-veranstaltungen\/#primaryimage\"},\"image\":{\"@id\":\"https:\/\/www2.wibutler.com\/smarte-partner\/wibutler-veranstaltungen\/#primaryimage\"},\"thumbnailUrl\":\"https:\/\/www2.wibutler.com\/wp-content\/uploads\/2025\/05\/Hero_wibutler-Veranstaltungen.png\",\"datePublished\":\"2025-05-08T12:05:32+00:00\",\"dateModified\":\"2025-09-11T11:30:32+00:00\",\"description\":\"Entdecke wibutler Veranstaltungen: Schulungen, Messen & Events f\u00fcr Hersteller & Handwerker \u2013 Vernetzung & Weiterbildung inklusive.\",\"breadcrumb\":{\"@id\":\"https:\/\/www2.wibutler.com\/smarte-partner\/wibutler-veranstaltungen\/#breadcrumb\"},\"inLanguage\":\"en-GB\",\"potentialAction\":[{\"@type\":\"ReadAction\",\"target\":[\"https:\/\/www2.wibutler.com\/smarte-partner\/wibutler-veranstaltungen\/\"]}]},{\"@type\":\"ImageObject\",\"inLanguage\":\"en-GB\",\"@id\":\"https:\/\/www2.wibutler.com\/smarte-partner\/wibutler-veranstaltungen\/#primaryimage\",\"url\":\"https:\/\/www2.wibutler.com\/wp-content\/uploads\/2025\/05\/Hero_wibutler-Veranstaltungen.png\",\"contentUrl\":\"https:\/\/www2.wibutler.com\/wp-content\/uploads\/2025\/05\/Hero_wibutler-Veranstaltungen.png\"},{\"@type\":\"BreadcrumbList\",\"@id\":\"https:\/\/www2.wibutler.com\/smarte-partner\/wibutler-veranstaltungen\/#breadcrumb\",\"itemListElement\":[{\"@type\":\"ListItem\",\"position\":1,\"name\":\"Startseite\",\"item\":\"https:\/\/www2.wibutler.com\/\"},{\"@type\":\"ListItem\",\"position\":2,\"name\":\"Smarte Partner\",\"item\":\"https:\/\/www2.wibutler.com\/smarte-partner\/\"},{\"@type\":\"ListItem\",\"position\":3,\"name\":\"wibutler-Veranstaltungen\"}]},{\"@type\":\"WebSite\",\"@id\":\"https:\/\/www2.wibutler.com\/#website\",\"url\":\"https:\/\/www2.wibutler.com\/\",\"name\":\"wibutler |\u00a0DEIN ZUHAUSE. IN SMART. GANZ EINFACH.\",\"description\":\"\",\"publisher\":{\"@id\":\"https:\/\/www2.wibutler.com\/#organization\"},\"potentialAction\":[{\"@type\":\"SearchAction\",\"target\":{\"@type\":\"EntryPoint\",\"urlTemplate\":\"https:\/\/www2.wibutler.com\/?s={search_term_string}\"},\"query-input\":{\"@type\":\"PropertyValueSpecification\",\"valueRequired\":true,\"valueName\":\"search_term_string\"}}],\"inLanguage\":\"en-GB\"},{\"@type\":\"Organization\",\"@id\":\"https:\/\/www2.wibutler.com\/#organization\",\"name\":\"wibutler |\u00a0DEIN ZUHAUSE. IN SMART. GANZ EINFACH.\",\"url\":\"https:\/\/www2.wibutler.com\/\",\"logo\":{\"@type\":\"ImageObject\",\"inLanguage\":\"en-GB\",\"@id\":\"https:\/\/www2.wibutler.com\/#\/schema\/logo\/image\/\",\"url\":\"https:\/\/www2.wibutler.com\/wp-content\/uploads\/2025\/03\/wibutler_logo_black.svg\",\"contentUrl\":\"https:\/\/www2.wibutler.com\/wp-content\/uploads\/2025\/03\/wibutler_logo_black.svg\",\"width\":247,\"height\":40,\"caption\":\"wibutler |\u00a0DEIN ZUHAUSE. IN SMART. GANZ EINFACH.\"},\"image\":{\"@id\":\"https:\/\/www2.wibutler.com\/#\/schema\/logo\/image\/\"}}]}<\/script>\n<!-- \/ Yoast SEO plugin. -->","yoast_head_json":{"title":"wibutler events - Training &amp; events for professionals","description":"Discover wibutler events: Training courses, trade fairs &amp; events for manufacturers &amp; craftsmen - networking &amp; further training included.","robots":{"index":"index","follow":"follow","max-snippet":"max-snippet:-1","max-image-preview":"max-image-preview:large","max-video-preview":"max-video-preview:-1"},"canonical":"https:\/\/www2.wibutler.com\/en\/smarte-partner\/wibutler-veranstaltungen\/","og_locale":"en_GB","og_type":"article","og_title":"wibutler Veranstaltungen \u2013 Schulungen & Events f\u00fcr Profis","og_description":"Entdecke wibutler Veranstaltungen: Schulungen, Messen & Events f\u00fcr Hersteller & Handwerker \u2013 Vernetzung & Weiterbildung inklusive.","og_url":"https:\/\/www2.wibutler.com\/en\/smarte-partner\/wibutler-veranstaltungen\/","og_site_name":"wibutler |\u00a0DEIN ZUHAUSE. IN SMART. GANZ EINFACH.","article_modified_time":"2025-09-11T11:30:32+00:00","og_image":[{"width":1536,"height":1024,"url":"https:\/\/www2.wibutler.com\/wp-content\/uploads\/2025\/05\/Hero_wibutler-Veranstaltungen.png","type":"image\/png"}],"twitter_card":"summary_large_image","twitter_misc":{"Estimated reading time":"2 minutes"},"schema":{"@context":"https:\/\/schema.org","@graph":[{"@type":"WebPage","@id":"https:\/\/www2.wibutler.com\/smarte-partner\/wibutler-veranstaltungen\/","url":"https:\/\/www2.wibutler.com\/smarte-partner\/wibutler-veranstaltungen\/","name":"wibutler events - Training &amp; events for professionals","isPartOf":{"@id":"https:\/\/www2.wibutler.com\/#website"},"primaryImageOfPage":{"@id":"https:\/\/www2.wibutler.com\/smarte-partner\/wibutler-veranstaltungen\/#primaryimage"},"image":{"@id":"https:\/\/www2.wibutler.com\/smarte-partner\/wibutler-veranstaltungen\/#primaryimage"},"thumbnailUrl":"https:\/\/www2.wibutler.com\/wp-content\/uploads\/2025\/05\/Hero_wibutler-Veranstaltungen.png","datePublished":"2025-05-08T12:05:32+00:00","dateModified":"2025-09-11T11:30:32+00:00","description":"Discover wibutler events: Training courses, trade fairs &amp; events for manufacturers &amp; craftsmen - networking &amp; further training included.","breadcrumb":{"@id":"https:\/\/www2.wibutler.com\/smarte-partner\/wibutler-veranstaltungen\/#breadcrumb"},"inLanguage":"en-GB","potentialAction":[{"@type":"ReadAction","target":["https:\/\/www2.wibutler.com\/smarte-partner\/wibutler-veranstaltungen\/"]}]},{"@type":"ImageObject","inLanguage":"en-GB","@id":"https:\/\/www2.wibutler.com\/smarte-partner\/wibutler-veranstaltungen\/#primaryimage","url":"https:\/\/www2.wibutler.com\/wp-content\/uploads\/2025\/05\/Hero_wibutler-Veranstaltungen.png","contentUrl":"https:\/\/www2.wibutler.com\/wp-content\/uploads\/2025\/05\/Hero_wibutler-Veranstaltungen.png"},{"@type":"BreadcrumbList","@id":"https:\/\/www2.wibutler.com\/smarte-partner\/wibutler-veranstaltungen\/#breadcrumb","itemListElement":[{"@type":"ListItem","position":1,"name":"Startseite","item":"https:\/\/www2.wibutler.com\/"},{"@type":"ListItem","position":2,"name":"Smarte Partner","item":"https:\/\/www2.wibutler.com\/smarte-partner\/"},{"@type":"ListItem","position":3,"name":"wibutler-Veranstaltungen"}]},{"@type":"WebSite","@id":"https:\/\/www2.wibutler.com\/#website","url":"https:\/\/www2.wibutler.com\/","name":"wibutler | YOUR HOME. IN SMART. SIMPLE.","description":"","publisher":{"@id":"https:\/\/www2.wibutler.com\/#organization"},"potentialAction":[{"@type":"SearchAction","target":{"@type":"EntryPoint","urlTemplate":"https:\/\/www2.wibutler.com\/?s={search_term_string}"},"query-input":{"@type":"PropertyValueSpecification","valueRequired":true,"valueName":"search_term_string"}}],"inLanguage":"en-GB"},{"@type":"Organization","@id":"https:\/\/www2.wibutler.com\/#organization","name":"wibutler | YOUR HOME. IN SMART. SIMPLE.","url":"https:\/\/www2.wibutler.com\/","logo":{"@type":"ImageObject","inLanguage":"en-GB","@id":"https:\/\/www2.wibutler.com\/#\/schema\/logo\/image\/","url":"https:\/\/www2.wibutler.com\/wp-content\/uploads\/2025\/03\/wibutler_logo_black.svg","contentUrl":"https:\/\/www2.wibutler.com\/wp-content\/uploads\/2025\/03\/wibutler_logo_black.svg","width":247,"height":40,"caption":"wibutler |\u00a0DEIN ZUHAUSE. IN SMART. GANZ EINFACH."},"image":{"@id":"https:\/\/www2.wibutler.com\/#\/schema\/logo\/image\/"}}]}},"coauthors":[],"author_meta":{"author_link":"https:\/\/www2.wibutler.com\/en\/author\/fredepenning\/","display_name":"wibutler"},"relative_dates":{"created":"Posted 12 months ago","modified":"Updated 8 months ago"},"absolute_dates":{"created":"Posted on May 8, 2025","modified":"Updated on September 11, 2025"},"absolute_dates_time":{"created":"Posted on May 8, 2025 12:05 pm","modified":"Updated on September 11, 2025 11:30 am"},"featured_img_caption":"","featured_img":false,"series_order":"","_links":{"self":[{"href":"https:\/\/www2.wibutler.com\/en\/wp-json\/wp\/v2\/pages\/2125","targetHints":{"allow":["GET"]}}],"collection":[{"href":"https:\/\/www2.wibutler.com\/en\/wp-json\/wp\/v2\/pages"}],"about":[{"href":"https:\/\/www2.wibutler.com\/en\/wp-json\/wp\/v2\/types\/page"}],"author":[{"embeddable":true,"href":"https:\/\/www2.wibutler.com\/en\/wp-json\/wp\/v2\/users\/2"}],"replies":[{"embeddable":true,"href":"https:\/\/www2.wibutler.com\/en\/wp-json\/wp\/v2\/comments?post=2125"}],"version-history":[{"count":2,"href":"https:\/\/www2.wibutler.com\/en\/wp-json\/wp\/v2\/pages\/2125\/revisions"}],"predecessor-version":[{"id":2161,"href":"https:\/\/www2.wibutler.com\/en\/wp-json\/wp\/v2\/pages\/2125\/revisions\/2161"}],"up":[{"embeddable":true,"href":"https:\/\/www2.wibutler.com\/en\/wp-json\/wp\/v2\/pages\/17"}],"wp:attachment":[{"href":"https:\/\/www2.wibutler.com\/en\/wp-json\/wp\/v2\/media?parent=2125"}],"curies":[{"name":"wp","href":"https:\/\/api.w.org\/{rel}","templated":true}]}}