{"id":1114,"date":"2025-04-10T16:49:58","date_gmt":"2025-04-10T16:49:58","guid":{"rendered":"https:\/\/www2.wibutler.com\/?page_id=1114"},"modified":"2025-04-10T16:50:00","modified_gmt":"2025-04-10T16:50:00","slug":"widerrufsrecht","status":"publish","type":"page","link":"https:\/\/www2.wibutler.com\/en\/widerrufsrecht\/","title":{"rendered":"Right of cancellation"},"content":{"rendered":"<div class=\"wp-block-group info-hero has-global-padding is-layout-constrained wp-block-group-is-layout-constrained has-background\" style=\"min-height:100vh;padding-top:var(--wp--preset--spacing--60);padding-bottom:var(--wp--preset--spacing--60);background-image:url(&apos;https:\/\/www2.wibutler.com\/wp-content\/uploads\/2025\/03\/stage_-Gap1_negative.png&apos;);background-size:cover;\">\n<div style=\"height:100px\" aria-hidden=\"true\" class=\"wp-block-spacer\"><\/div>\n\n\n\n<div class=\"wp-block-group has-global-padding is-layout-constrained wp-block-group-is-layout-constrained\">\n<div class=\"wp-block-group is-vertical is-layout-flex wp-container-core-group-is-layout-fe9cc265 wp-block-group-is-layout-flex\">\n<p class=\"has-fs-p-small-font-size\" style=\"text-transform:uppercase\"><strong>wibutler<\/strong> At a glance<\/p>\n\n\n\n<h1 class=\"wp-block-heading has-primary-lagoon-color has-text-color has-link-color has-fs-hero-font-size wp-elements-bfb736eb63bc4a4968dd46195ce3d683\" style=\"font-style:normal;font-weight:300\">wibutler-shop<strong> Right of cancellation<\/strong><br><\/h1>\n<\/div>\n<\/div>\n<\/div>\n\n\n\n<div style=\"height:150px\" aria-hidden=\"true\" class=\"wp-block-spacer\"><\/div>\n\n\n\n<div class=\"wp-block-group info-content has-global-padding is-layout-constrained wp-block-group-is-layout-constrained\" style=\"margin-top:-150px;margin-bottom:var(--wp--preset--spacing--50)\">\n<p>You have the right to cancel this contract within fourteen days without giving any reason.<\/p>\n\n\n\n<p>The cancellation period is fourteen days from the day on which you or a third party named by you, who is not the carrier, took possession of the last goods. If the contract is limited to one of the services offered, such as the installation of separately ordered goods, the cancellation period is fourteen days from the day on which the contract is concluded.<\/p>\n\n\n\n<p>Pursuant to Section 312g (2) No. 1 BGB, unless otherwise agreed, there is no right of cancellation for contracts for the delivery of goods that are not prefabricated and for the manufacture of which an individual selection or determination by the consumer is decisive or which are clearly tailored to the personal needs of the consumer.<\/p>\n\n\n\n<p>To exercise your right of cancellation, you must inform us, the<\/p>\n\n\n\n<p>DBT Digital Building Technology GmbH &amp; Co. KG<br>Weseler Stra\u00dfe 539<br>D - 48163 M\u00fcnster<br>Tel. 0251-149816-30<br>sales@wibutler.com<br>Managing Director: Michael J\u00fcdiges<\/p>\n\n\n\n<p>by means of a clear statement (e.g. a letter sent by post, fax or e-mail) of your decision to cancel this contract. You can use the attached sample cancellation form, but this is not mandatory.<\/p>\n\n\n\n<p>To meet the cancellation deadline, it is sufficient for you to send your notification of exercising your right of cancellation before the cancellation period expires.<\/p>\n\n\n\n<p><strong>Consequences of cancellation<\/strong><\/p>\n\n\n\n<p>If you withdraw from this contract, we shall reimburse to you all payments received from you, including the costs of delivery (with the exception of the supplementary costs resulting from your choice of a type of delivery other than the least expensive type of standard delivery offered by us), without undue delay and in any event not later than 14 days from the day on which we are informed about your decision to withdraw from this contract. For the repayment, we will use the same means of payment that you used for the original transaction, unless expressly agreed otherwise with you; in no case will you be charged any fees for this repayment. In the case of a contract that is at least also for the purchase of goods, we may refuse to make a refund until we have received the goods back or until you have provided proof that you have sent the goods back, whichever is the earliest.<\/p>\n\n\n\n<p>In the case of a contract that is at least also directed to the purchase of goods, you must return the goods immediately and in any case within fourteen days at the latest from the day on which you inform us of the cancellation of this contract to<\/p>\n\n\n\n<p>DBT Digital Building Technology GmbH &amp; Co. KG<br>Weseler Stra\u00dfe 539<br>48163 M\u00fcnster<\/p>\n\n\n\n<p>to return or hand over the goods. The deadline is met if you dispatch the goods before the period of fourteen days has expired. You shall bear the direct costs of returning the goods. You only have to pay for any loss in value if this loss in value is due to handling of the goods to an extent that is not necessary for checking the condition, properties and functionality of the goods.<\/p>\n\n\n\n<p>If, in the case of a contract limited to services, you have requested that the services should commence during the cancellation period, you must pay us a reasonable amount corresponding to the proportion of the services already provided up to the time at which you inform us of the exercise of the right of cancellation with regard to this contract compared to the total scope of the services provided for in the contract.<\/p>\n<\/div>","protected":false},"excerpt":{"rendered":"<p>wibutler Auf einen Blick wibutler-shop Widerrufsrecht Sie haben das Recht, binnen vierzehn Tagen ohne Angabe von Gr\u00fcnden diesen Vertrag zu widerrufen. Die Widerrufsfrist betr\u00e4gt vierzehn Tage ab dem Tag an dem Sie oder ein von Ihnen benannter Dritter, der nicht der Bef\u00f6rderer ist die letzte Ware in Besitz genommen haben bzw. hat. Beschr\u00e4nkt sich der [&hellip;]<\/p>\n","protected":false},"author":2,"featured_media":0,"parent":0,"menu_order":0,"comment_status":"closed","ping_status":"closed","template":"","meta":{"_veranstaltungen_startdatum":"","_veranstaltungen_enddatum":"","_veranstaltungen_ort":"","inline_featured_image":false,"advgb_blocks_editor_width":"","advgb_blocks_columns_visual_guide":"","footnotes":""},"class_list":["post-1114","page","type-page","status-publish","hentry"],"yoast_head":"<!-- This site is optimized with the Yoast SEO plugin v27.2 - https:\/\/yoast.com\/product\/yoast-seo-wordpress\/ -->\n<title>Widerrufsrecht - wibutler |\u00a0DEIN ZUHAUSE. IN SMART. GANZ EINFACH.<\/title>\n<meta name=\"robots\" content=\"index, follow, max-snippet:-1, max-image-preview:large, max-video-preview:-1\" \/>\n<link rel=\"canonical\" href=\"https:\/\/www2.wibutler.com\/en\/widerrufsrecht\/\" \/>\n<meta property=\"og:locale\" content=\"en_GB\" \/>\n<meta property=\"og:type\" content=\"article\" \/>\n<meta property=\"og:title\" content=\"Widerrufsrecht - wibutler |\u00a0DEIN ZUHAUSE. IN SMART. GANZ EINFACH.\" \/>\n<meta property=\"og:description\" content=\"wibutler Auf einen Blick wibutler-shop Widerrufsrecht Sie haben das Recht, binnen vierzehn Tagen ohne Angabe von Gr\u00fcnden diesen Vertrag zu widerrufen. Die Widerrufsfrist betr\u00e4gt vierzehn Tage ab dem Tag an dem Sie oder ein von Ihnen benannter Dritter, der nicht der Bef\u00f6rderer ist die letzte Ware in Besitz genommen haben bzw. hat. Beschr\u00e4nkt sich der [&hellip;]\" \/>\n<meta property=\"og:url\" content=\"https:\/\/www2.wibutler.com\/en\/widerrufsrecht\/\" \/>\n<meta property=\"og:site_name\" content=\"wibutler |\u00a0DEIN ZUHAUSE. IN SMART. GANZ EINFACH.\" \/>\n<meta property=\"article:modified_time\" content=\"2025-04-10T16:50:00+00:00\" \/>\n<meta name=\"twitter:card\" content=\"summary_large_image\" \/>\n<meta name=\"twitter:label1\" content=\"Estimated reading time\" \/>\n\t<meta name=\"twitter:data1\" content=\"3 minutes\" \/>\n<script type=\"application\/ld+json\" class=\"yoast-schema-graph\">{\"@context\":\"https:\/\/schema.org\",\"@graph\":[{\"@type\":\"WebPage\",\"@id\":\"https:\/\/www2.wibutler.com\/widerrufsrecht\/\",\"url\":\"https:\/\/www2.wibutler.com\/widerrufsrecht\/\",\"name\":\"Widerrufsrecht - wibutler |\u00a0DEIN ZUHAUSE. IN SMART. GANZ EINFACH.\",\"isPartOf\":{\"@id\":\"https:\/\/www2.wibutler.com\/#website\"},\"datePublished\":\"2025-04-10T16:49:58+00:00\",\"dateModified\":\"2025-04-10T16:50:00+00:00\",\"breadcrumb\":{\"@id\":\"https:\/\/www2.wibutler.com\/widerrufsrecht\/#breadcrumb\"},\"inLanguage\":\"en-GB\",\"potentialAction\":[{\"@type\":\"ReadAction\",\"target\":[\"https:\/\/www2.wibutler.com\/widerrufsrecht\/\"]}]},{\"@type\":\"BreadcrumbList\",\"@id\":\"https:\/\/www2.wibutler.com\/widerrufsrecht\/#breadcrumb\",\"itemListElement\":[{\"@type\":\"ListItem\",\"position\":1,\"name\":\"Startseite\",\"item\":\"https:\/\/www2.wibutler.com\/\"},{\"@type\":\"ListItem\",\"position\":2,\"name\":\"Widerrufsrecht\"}]},{\"@type\":\"WebSite\",\"@id\":\"https:\/\/www2.wibutler.com\/#website\",\"url\":\"https:\/\/www2.wibutler.com\/\",\"name\":\"wibutler |\u00a0DEIN ZUHAUSE. IN SMART. GANZ EINFACH.\",\"description\":\"\",\"publisher\":{\"@id\":\"https:\/\/www2.wibutler.com\/#organization\"},\"potentialAction\":[{\"@type\":\"SearchAction\",\"target\":{\"@type\":\"EntryPoint\",\"urlTemplate\":\"https:\/\/www2.wibutler.com\/?s={search_term_string}\"},\"query-input\":{\"@type\":\"PropertyValueSpecification\",\"valueRequired\":true,\"valueName\":\"search_term_string\"}}],\"inLanguage\":\"en-GB\"},{\"@type\":\"Organization\",\"@id\":\"https:\/\/www2.wibutler.com\/#organization\",\"name\":\"wibutler |\u00a0DEIN ZUHAUSE. IN SMART. GANZ EINFACH.\",\"url\":\"https:\/\/www2.wibutler.com\/\",\"logo\":{\"@type\":\"ImageObject\",\"inLanguage\":\"en-GB\",\"@id\":\"https:\/\/www2.wibutler.com\/#\/schema\/logo\/image\/\",\"url\":\"https:\/\/www2.wibutler.com\/wp-content\/uploads\/2025\/03\/wibutler_logo_black.svg\",\"contentUrl\":\"https:\/\/www2.wibutler.com\/wp-content\/uploads\/2025\/03\/wibutler_logo_black.svg\",\"width\":247,\"height\":40,\"caption\":\"wibutler |\u00a0DEIN ZUHAUSE. IN SMART. GANZ EINFACH.\"},\"image\":{\"@id\":\"https:\/\/www2.wibutler.com\/#\/schema\/logo\/image\/\"}}]}<\/script>\n<!-- \/ Yoast SEO plugin. -->","yoast_head_json":{"title":"Right of cancellation - wibutler | DEIN ZUHAUSE. IN SMART. SIMPLE.","robots":{"index":"index","follow":"follow","max-snippet":"max-snippet:-1","max-image-preview":"max-image-preview:large","max-video-preview":"max-video-preview:-1"},"canonical":"https:\/\/www2.wibutler.com\/en\/widerrufsrecht\/","og_locale":"en_GB","og_type":"article","og_title":"Widerrufsrecht - wibutler |\u00a0DEIN ZUHAUSE. IN SMART. GANZ EINFACH.","og_description":"wibutler Auf einen Blick wibutler-shop Widerrufsrecht Sie haben das Recht, binnen vierzehn Tagen ohne Angabe von Gr\u00fcnden diesen Vertrag zu widerrufen. Die Widerrufsfrist betr\u00e4gt vierzehn Tage ab dem Tag an dem Sie oder ein von Ihnen benannter Dritter, der nicht der Bef\u00f6rderer ist die letzte Ware in Besitz genommen haben bzw. hat. Beschr\u00e4nkt sich der [&hellip;]","og_url":"https:\/\/www2.wibutler.com\/en\/widerrufsrecht\/","og_site_name":"wibutler |\u00a0DEIN ZUHAUSE. IN SMART. GANZ EINFACH.","article_modified_time":"2025-04-10T16:50:00+00:00","twitter_card":"summary_large_image","twitter_misc":{"Estimated reading time":"3 minutes"},"schema":{"@context":"https:\/\/schema.org","@graph":[{"@type":"WebPage","@id":"https:\/\/www2.wibutler.com\/widerrufsrecht\/","url":"https:\/\/www2.wibutler.com\/widerrufsrecht\/","name":"Right of cancellation - wibutler | DEIN ZUHAUSE. IN SMART. SIMPLE.","isPartOf":{"@id":"https:\/\/www2.wibutler.com\/#website"},"datePublished":"2025-04-10T16:49:58+00:00","dateModified":"2025-04-10T16:50:00+00:00","breadcrumb":{"@id":"https:\/\/www2.wibutler.com\/widerrufsrecht\/#breadcrumb"},"inLanguage":"en-GB","potentialAction":[{"@type":"ReadAction","target":["https:\/\/www2.wibutler.com\/widerrufsrecht\/"]}]},{"@type":"BreadcrumbList","@id":"https:\/\/www2.wibutler.com\/widerrufsrecht\/#breadcrumb","itemListElement":[{"@type":"ListItem","position":1,"name":"Startseite","item":"https:\/\/www2.wibutler.com\/"},{"@type":"ListItem","position":2,"name":"Widerrufsrecht"}]},{"@type":"WebSite","@id":"https:\/\/www2.wibutler.com\/#website","url":"https:\/\/www2.wibutler.com\/","name":"wibutler | YOUR HOME. IN SMART. SIMPLE.","description":"","publisher":{"@id":"https:\/\/www2.wibutler.com\/#organization"},"potentialAction":[{"@type":"SearchAction","target":{"@type":"EntryPoint","urlTemplate":"https:\/\/www2.wibutler.com\/?s={search_term_string}"},"query-input":{"@type":"PropertyValueSpecification","valueRequired":true,"valueName":"search_term_string"}}],"inLanguage":"en-GB"},{"@type":"Organization","@id":"https:\/\/www2.wibutler.com\/#organization","name":"wibutler | YOUR HOME. IN SMART. SIMPLE.","url":"https:\/\/www2.wibutler.com\/","logo":{"@type":"ImageObject","inLanguage":"en-GB","@id":"https:\/\/www2.wibutler.com\/#\/schema\/logo\/image\/","url":"https:\/\/www2.wibutler.com\/wp-content\/uploads\/2025\/03\/wibutler_logo_black.svg","contentUrl":"https:\/\/www2.wibutler.com\/wp-content\/uploads\/2025\/03\/wibutler_logo_black.svg","width":247,"height":40,"caption":"wibutler |\u00a0DEIN ZUHAUSE. IN SMART. GANZ EINFACH."},"image":{"@id":"https:\/\/www2.wibutler.com\/#\/schema\/logo\/image\/"}}]}},"coauthors":[],"author_meta":{"author_link":"https:\/\/www2.wibutler.com\/en\/author\/fredepenning\/","display_name":"wibutler"},"relative_dates":{"created":"Posted 1 year ago","modified":"Updated 1 year ago"},"absolute_dates":{"created":"Posted on April 10, 2025","modified":"Updated on April 10, 2025"},"absolute_dates_time":{"created":"Posted on April 10, 2025 4:49 pm","modified":"Updated on April 10, 2025 4:50 pm"},"featured_img_caption":"","featured_img":false,"series_order":"","_links":{"self":[{"href":"https:\/\/www2.wibutler.com\/en\/wp-json\/wp\/v2\/pages\/1114","targetHints":{"allow":["GET"]}}],"collection":[{"href":"https:\/\/www2.wibutler.com\/en\/wp-json\/wp\/v2\/pages"}],"about":[{"href":"https:\/\/www2.wibutler.com\/en\/wp-json\/wp\/v2\/types\/page"}],"author":[{"embeddable":true,"href":"https:\/\/www2.wibutler.com\/en\/wp-json\/wp\/v2\/users\/2"}],"replies":[{"embeddable":true,"href":"https:\/\/www2.wibutler.com\/en\/wp-json\/wp\/v2\/comments?post=1114"}],"version-history":[{"count":1,"href":"https:\/\/www2.wibutler.com\/en\/wp-json\/wp\/v2\/pages\/1114\/revisions"}],"predecessor-version":[{"id":1115,"href":"https:\/\/www2.wibutler.com\/en\/wp-json\/wp\/v2\/pages\/1114\/revisions\/1115"}],"wp:attachment":[{"href":"https:\/\/www2.wibutler.com\/en\/wp-json\/wp\/v2\/media?parent=1114"}],"curies":[{"name":"wp","href":"https:\/\/api.w.org\/{rel}","templated":true}]}}